{"id":80,"date":"2016-04-22T16:46:49","date_gmt":"2016-04-22T16:46:49","guid":{"rendered":"http:\/\/cafe-halligalli.de\/?page_id=80"},"modified":"2022-11-02T14:33:53","modified_gmt":"2022-11-02T14:33:53","slug":"home-2","status":"publish","type":"page","link":"http:\/\/cafe-halligalli.de\/","title":{"rendered":"Home"},"content":{"rendered":"<div id=\"pl-80\"  class=\"panel-layout\" ><div id=\"pg-80-0\"  class=\"panel-grid panel-has-style\" ><div class=\"siteorigin-panels-stretch panel-row-style panel-row-style-for-80-0\" style=\"text-align: center;padding: 100px 0; \" data-stretch-type=\"full\" data-overlay=\"true\" ><div id=\"pgc-80-0-0\"  class=\"panel-grid-cell\" ><div id=\"panel-80-0-0-0\" class=\"so-panel widget widget_text panel-first-child panel-last-child\" data-index=\"0\" ><h3 class=\"widget-title\">Sch\u00f6n Sie zu sehen<\/h3>\t\t\t<div class=\"textwidget\"><p>Genie\u00dfen Sie in liebevoller und vor allem kindgerecht gestalteter Atmosph\u00e4re frische Kaffeespezialit\u00e4ten, w\u00e4hrend Ihre Kinder krabbeln, spielen oder toben.<br \/>\nZudem bereiten wir auch viele hausgemachte s\u00fc\u00dfe und herzhafte Leckereien f\u00fcr Sie zu.<br \/>\nSelbstverst\u00e4ndlich finden Sie einen Wickelbereich, Windeln und ausreichend Platz f\u00fcr den Kinderwagen.<\/p>\n<\/div>\n\t\t<\/div><\/div><\/div><\/div><div id=\"pg-80-1\"  class=\"panel-grid panel-has-style\" ><div class=\"siteorigin-panels-stretch panel-row-style panel-row-style-for-80-1\" style=\"background-image: url(http:\/\/cafe-halligalli.de\/wp-content\/uploads\/2016\/04\/IMG_8678.jpg);padding: 100px 0; \" data-stretch-type=\"full\" data-hasbg=\"hasbg\" data-overlay=\"true\" ><div id=\"pgc-80-1-0\"  class=\"panel-grid-cell\" ><div id=\"panel-80-1-0-0\" class=\"so-panel widget widget_sydney_testimonials sydney_testimonials_widget panel-first-child panel-last-child\" data-index=\"1\" >\t\t\t<h3 class=\"widget-title\">Alles f\u00fcr Gro\u00df und Klein<\/h3>\t\t\t<div class=\"col-md-12\">\r\n\t\t\t\t<div class=\"roll-testimonials\" data-autoplay=\"6000\">\r\n\t\t\t\t\t\t\t\t\t\t\t                        <div class=\"customer\">\r\n                            <blockquote class=\"whisper\"><p>FRISCHE KAFFEESPEZIALIT\u00c4TEN<\/p>\n<\/blockquote>                               \r\n                                                            \r\n                            <div class=\"name\">\r\n                            \tSowie eine Auswahl an Tees und k\u00fchlen Erfrischungen.                            \t<span><\/span>\r\n                            <\/div>\r\n                        <\/div>\r\n\t\t\t\t\t\t\t\t\t\t\t                        <div class=\"customer\">\r\n                            <blockquote class=\"whisper\"><p>S\u00dcSSE UND HERZHAFTE LECKEREIEN<\/p>\n<\/blockquote>                               \r\n                                                            \r\n                            <div class=\"name\">\r\n                            \tEgal ob beim Fr\u00fchst\u00fcck, den wechselnden Mittagsangeboten, der Auswahl auf der Kinderkarte oder einfach mal was Zwischendurch.                            \t<span><\/span>\r\n                            <\/div>\r\n                        <\/div>\r\n\t\t\t\t\t\t\t\t\t\t\t                        <div class=\"customer\">\r\n                            <blockquote class=\"whisper\"><p>F\u00dcR DAS \u201eDRUMHERUM\u201c IST EBENFALLS GESORGT<\/p>\n<\/blockquote>                               \r\n                                                            \r\n                            <div class=\"name\">\r\n                            \tDank Wickelbereich, Windeln und ausreichend Platz f\u00fcr den Kinderwagen.                            \t<span><\/span>\r\n                            <\/div>\r\n                        <\/div>\r\n\t\t\t\t\t\t\t\t\t\t\t                        <div class=\"customer\">\r\n                            <blockquote class=\"whisper\"><p>UND F\u00dcR DIE KLEINEN GIBT ES BESONDERS VIEL ZU ENTDECKEN<\/p>\n<\/blockquote>                               \r\n                                                            \r\n                            <div class=\"name\">\r\n                            \tSpielturm mit Rutsche, Spielk\u00fcche, Motorikspielwand, B\u00e4llebad, Leseecke, Kinderkarte, Baby-H\u00e4ngeschaukel und vieles mehr\u2026                            \t<span><\/span>\r\n                            <\/div>\r\n                        <\/div>\r\n\t\t\t\t\t\t\t\t\t<\/div>\r\n\t\t\t<\/div>\t\r\n\r\n\t\t\t\t\r\n\r\n\t<\/div><\/div><\/div><\/div><div id=\"pg-80-2\"  class=\"panel-grid panel-has-style\" ><div class=\"siteorigin-panels-stretch panel-row-style panel-row-style-for-80-2\" style=\"text-align: center;padding: 100px 0; \" data-stretch-type=\"full\" data-overlay=\"true\" ><div id=\"pgc-80-2-0\"  class=\"panel-grid-cell\" ><div id=\"panel-80-2-0-0\" class=\"so-panel widget widget_easy_facebook_feed panel-first-child panel-last-child\" data-index=\"2\" ><div style=\"text-align: left;\" data-title-color=\"#443f3f\" data-headings-color=\"#443f3f\" class=\"panel-widget-style panel-widget-style-for-80-2-0-0\" ><h3 class=\"widget-title\">Neuigkeiten<\/h3><div class=\"efbl_feed_wraper efbl_skin_480\" >\n\n\t\t\t\t\t\t<p class=\"efbl_error_msg\"> Error validating access token: The session has been invalidated because the user changed their password or Facebook has changed the session for security reasons. <\/p>\n\t\t\t\t\n\t\t<\/div>\n<\/div><\/div><\/div><\/div><\/div><div id=\"pg-80-3\"  class=\"panel-grid panel-has-style\" ><div class=\"siteorigin-panels-stretch panel-row-style panel-row-style-for-80-3\" style=\"padding: 100px 0; \" data-stretch-type=\"full\" data-overlay=\"true\" ><div id=\"pgc-80-3-0\"  class=\"panel-grid-cell\" ><div id=\"panel-80-3-0-0\" class=\"so-panel widget widget_fp_social panel-first-child panel-last-child\" data-index=\"3\" >\t\t<h3 class=\"widget-title\"><span class=\"wow bounce\">Folgen Sie uns auf<\/span><\/h3>\t\t\t\t<div class=\"menu-social-media-container\"><ul id=\"menu-social-media\" class=\"menu social-menu-widget clearfix\"><li id=\"menu-item-105\" class=\"menu-item menu-item-type-custom menu-item-object-custom menu-item-105\"><a href=\"https:\/\/www.facebook.com\/cafehalligalli\/\"><span class=\"screen-reader-text\">Facebook<\/span><\/a><\/li>\n<li id=\"menu-item-516\" class=\"menu-item menu-item-type-custom menu-item-object-custom menu-item-516\"><a href=\"https:\/\/www.instagram.com\/halligalli_elternkindcafe\"><span class=\"screen-reader-text\">Instagram<\/span><\/a><\/li>\n<\/ul><\/div>\t\r\n\t\t<\/div><\/div><\/div><\/div><\/div>","protected":false},"excerpt":{"rendered":"<p>Sch\u00f6n Sie zu sehen Genie\u00dfen Sie in liebevoller und vor allem kindgerecht gestalteter Atmosph\u00e4re frische Kaffeespezialit\u00e4ten, w\u00e4hrend Ihre Kinder krabbeln, spielen oder [&hellip;]<\/p>\n","protected":false},"author":1,"featured_media":0,"parent":0,"menu_order":0,"comment_status":"closed","ping_status":"closed","template":"page-templates\/page_front-page.php","meta":{"footnotes":""},"class_list":["post-80","page","type-page","status-publish","hentry"],"_links":{"self":[{"href":"http:\/\/cafe-halligalli.de\/index.php?rest_route=\/wp\/v2\/pages\/80","targetHints":{"allow":["GET"]}}],"collection":[{"href":"http:\/\/cafe-halligalli.de\/index.php?rest_route=\/wp\/v2\/pages"}],"about":[{"href":"http:\/\/cafe-halligalli.de\/index.php?rest_route=\/wp\/v2\/types\/page"}],"author":[{"embeddable":true,"href":"http:\/\/cafe-halligalli.de\/index.php?rest_route=\/wp\/v2\/users\/1"}],"replies":[{"embeddable":true,"href":"http:\/\/cafe-halligalli.de\/index.php?rest_route=%2Fwp%2Fv2%2Fcomments&post=80"}],"version-history":[{"count":19,"href":"http:\/\/cafe-halligalli.de\/index.php?rest_route=\/wp\/v2\/pages\/80\/revisions"}],"predecessor-version":[{"id":538,"href":"http:\/\/cafe-halligalli.de\/index.php?rest_route=\/wp\/v2\/pages\/80\/revisions\/538"}],"wp:attachment":[{"href":"http:\/\/cafe-halligalli.de\/index.php?rest_route=%2Fwp%2Fv2%2Fmedia&parent=80"}],"curies":[{"name":"wp","href":"https:\/\/api.w.org\/{rel}","templated":true}]}}