{"id":394,"date":"2017-10-06T09:32:04","date_gmt":"2017-10-06T09:32:04","guid":{"rendered":"http:\/\/cafe-halligalli.de\/?page_id=394"},"modified":"2020-09-25T13:28:24","modified_gmt":"2020-09-25T13:28:24","slug":"unterwasserwelt","status":"publish","type":"page","link":"http:\/\/cafe-halligalli.de\/?page_id=394","title":{"rendered":"Unterwasserwelt"},"content":{"rendered":"<div id=\"pl-394\"  class=\"panel-layout\" ><div id=\"pg-394-0\"  class=\"panel-grid panel-has-style\" ><div class=\"siteorigin-panels-stretch panel-row-style panel-row-style-for-394-0\" style=\"text-align: center;padding: 100px 0; \" data-stretch-type=\"full\" data-overlay=\"true\" ><div id=\"pgc-394-0-0\"  class=\"panel-grid-cell\" ><div id=\"panel-394-0-0-0\" class=\"so-panel widget widget_text panel-first-child\" data-index=\"0\" ><h3 class=\"widget-title\">Gesucht werden mutige Abenteurer, die gemeinsam mit uns in See stechen m\u00f6chten!<\/h3>\t\t\t<div class=\"textwidget\"><p>Ihr seid auf der Suche nach einem passenden Partyraum? Dieser k\u00f6nnte genau der Richtige f\u00fcr Euch sein. Unsere neu-gestaltete Spielelandschaft im Untergescho\u00df ist er\u00f6ffnet und wartet darauf erobert zu werden.<\/p>\n<p>Auf 85 qm warten ein Piratenschiff mit H\u00e4ngebr\u00fccke & Rutsche sowie eigenem B\u00e4llebad auf Euch. Platz wird f\u00fcr bis zu 30 Erwachsene geboten, ein kleine K\u00fcche zur Selbstverpflegung steht bereit und damit die Party richtig in Schwung kommt, ist der Raum mit einer Musik- & Lichtanlage ausgestattet.<\/p>\n<p>Ob Ihr die Feier in Eigenregie oder gemeinsam mit uns gestalten m\u00f6chtet, bleibt Euch \u00fcberlassen.<br \/>\nWir unterst\u00fctzen Euch gern, Eure Ideen von der perfekten Party umzusetzen.<\/p>\n<\/div>\n\t\t<\/div><div id=\"panel-394-0-0-1\" class=\"so-panel widget widget_sggwidget\" data-index=\"1\"><div id=\"grid-gallery-7-41701\" data-gg-id=\"7\" data-title=\"Unterwasserwelt\" data-grid-type=\"0\" data-offset=\"5.3\" data-area-position=\"center\" data-icons=\"\" data-preloader=\"\" data-width=\"215\" data-height=\"215\" data-padding=\"\" data-quicksand=\"disabled\" data-quicksand-duration=\"none\" data-popup-theme=\"theme_6\" data-popup-type=\"pretty-photo\" data-popup-image-text=\"title\" data-popup-widthsize=\"auto\" data-popup-heightsize=\"auto\" data-popup-i18n-words=\"{&quot;close&quot;:&quot;schlie\\u00dfen&quot;,&quot;next&quot;:&quot;n\\u00e4chste&quot;,&quot;previous&quot;:&quot;vorherige&quot;,&quot;start_slideshow&quot;:&quot;Starte Slideshow&quot;,&quot;stop_slideshow&quot;:&quot;Stoppe Slideshow&quot;,&quot;image&quot;:&quot;Bild&quot;,&quot;of&quot;:&quot;von&quot;,&quot;prev&quot;:&quot;vorherige&quot;,&quot;cExpand&quot;:&quot;Erweitere&quot;,&quot;cPrevious&quot;:&quot;Vorheriges&quot;,&quot;cNext&quot;:&quot;N\\u00e4chstes&quot;,&quot;cExpandStr&quot;:&quot;Erweitere Bild&quot;,&quot;cRotate&quot;:&quot;Rotate&quot;,&quot;cDetails&quot;:&quot;Details&quot;}\" data-popup-slideshow=\"false\" data-popup-slideshow-speed=\"2500\" data-popup-hoverstop=\"true\" data-popup-slideshow-auto=\"false\" data-popup-background=\"\" data-popup-transparency=\"30\" data-popup-disable-history=\"\" data-popup-disable-changed-url=\"\" data-popup-border-type=\"\" data-popup-border-color=\"\" data-popup-border-width=\"\" data-popup-border-enable=\"\" data-fullscreen=\"false\" data-hide-tooltip=\"\" data-caption-font-family=\"\" data-caption-text-size=\"140\" data-is-mobile=\"0\" data-caption-mobile=\"false\" data-hide-long-tltp-title=\"0\" data-caption-disabled-on-mobile=\"false\" data-popup-placement-type=\"0\" data-social-sharing=\"{&quot;enabled&quot;:null,&quot;gallerySharing&quot;:{&quot;enabled&quot;:null,&quot;position&quot;:null},&quot;imageSharing&quot;:{&quot;enabled&quot;:null,&quot;wrapperClass&quot;:&quot; vertical &quot;},&quot;popupSharing&quot;:{&quot;enabled&quot;:null,&quot;wrapperClass&quot;:&quot; vertical &quot;}}\" class=\"grid-gallery grid-gallery-fixed \" style=\" width:100%; height:auto; margin-left:auto; margin-right:auto;position:relative;\"> <div class=\"gallery-loading\"> <div class=\"blocks\"> <div class=\"block\"><\/div> <div class=\"block\"><\/div> <div class=\"block\"><\/div> <div class=\"block\"><\/div> <\/div> <\/div> <div class=\"gallery-sharing-top\" style=\"display:none;\"> <\/div> <div id=\"photos-7\" class=\"grid-gallery-photos\"><FIGURE class=\"grid-gallery-caption\" data-grid-gallery-type=\"quarter-slide-up\" data-index=\"0\" style=\"display:none;border-radius:00;; margin:5.3px; width:2150;\" ><div class=\"crop\" style=\" width:2150; height:2150; overflow:hidden;\"><img decoding=\"async\" src=\"http:\/\/cafe-halligalli.de\/wp-content\/uploads\/2017\/10\/21616000_516962958657562_6241823267103623504_n-215x215.jpg\" class=\"ggImg\" alt=\"21616000_516962958657562_6241823267103623504_n\" title=\"21616000_516962958657562_6241823267103623504_n\" data-description=\"21616000_516962958657562_6241823267103623504_n\" data-caption=\"B\u00e4llebad\" data-title=\"21616000_516962958657562_6241823267103623504_n\" style=\" width:215px; height:215px;\" \/><\/div><FIGCAPTION class=\"\" data-alpha=\"5\" style=\"color:#ffffff; background-color:#6f0000; font-size:140; text-align:2; font-family:;\" ><div class=\"grid-gallery-figcaption-wrap\" style=\"\"><\/div><\/FIGCAPTION><\/FIGURE><FIGURE class=\"grid-gallery-caption\" data-grid-gallery-type=\"quarter-slide-up\" data-index=\"1\" style=\"display:none;border-radius:00;; margin:5.3px; width:2150;\" ><div class=\"crop\" style=\" width:2150; height:2150; overflow:hidden;\"><img decoding=\"async\" src=\"http:\/\/cafe-halligalli.de\/wp-content\/uploads\/2017\/10\/21616096_516962575324267_1574327073384142709_n-215x215.jpg\" class=\"ggImg\" alt=\"21616096_516962575324267_1574327073384142709_n\" title=\"21616096_516962575324267_1574327073384142709_n\" data-description=\"21616096_516962575324267_1574327073384142709_n\" data-caption=\"Deko\/Ambiente\" data-title=\"21616096_516962575324267_1574327073384142709_n\" style=\" width:215px; height:215px;\" \/><\/div><FIGCAPTION class=\"\" data-alpha=\"5\" style=\"color:#ffffff; background-color:#6f0000; font-size:140; text-align:2; font-family:;\" ><div class=\"grid-gallery-figcaption-wrap\" style=\"\"><\/div><\/FIGCAPTION><\/FIGURE><FIGURE class=\"grid-gallery-caption\" data-grid-gallery-type=\"quarter-slide-up\" data-index=\"2\" style=\"display:none;border-radius:00;; margin:5.3px; width:2150;\" ><div class=\"crop\" style=\" width:2150; height:2150; overflow:hidden;\"><img decoding=\"async\" src=\"http:\/\/cafe-halligalli.de\/wp-content\/uploads\/2017\/10\/21616454_516962608657597_1342194004082209817_n-215x215.jpg\" class=\"ggImg\" alt=\"21616454_516962608657597_1342194004082209817_n\" title=\"21616454_516962608657597_1342194004082209817_n\" data-description=\"21616454_516962608657597_1342194004082209817_n\" data-caption=\"Alles im Blick\" data-title=\"21616454_516962608657597_1342194004082209817_n\" style=\" width:215px; height:215px;\" \/><\/div><FIGCAPTION class=\"\" data-alpha=\"5\" style=\"color:#ffffff; background-color:#6f0000; font-size:140; text-align:2; font-family:;\" ><div class=\"grid-gallery-figcaption-wrap\" style=\"\"><\/div><\/FIGCAPTION><\/FIGURE><FIGURE class=\"grid-gallery-caption\" data-grid-gallery-type=\"quarter-slide-up\" data-index=\"3\" style=\"display:none;border-radius:00;; margin:5.3px; width:2150;\" ><div class=\"crop\" style=\" width:2150; height:2150; overflow:hidden;\"><img decoding=\"async\" src=\"http:\/\/cafe-halligalli.de\/wp-content\/uploads\/2017\/10\/21616513_516962558657602_6111379625841821409_n-215x215.jpg\" class=\"ggImg\" alt=\"21616513_516962558657602_6111379625841821409_n\" title=\"21616513_516962558657602_6111379625841821409_n\" data-description=\"21616513_516962558657602_6111379625841821409_n\" data-caption=\"Genug Platz f\u00fcr alle\" data-title=\"21616513_516962558657602_6111379625841821409_n\" style=\" width:215px; height:215px;\" \/><\/div><FIGCAPTION class=\"\" data-alpha=\"5\" style=\"color:#ffffff; background-color:#6f0000; font-size:140; text-align:2; font-family:;\" ><div class=\"grid-gallery-figcaption-wrap\" style=\"\"><\/div><\/FIGCAPTION><\/FIGURE><FIGURE class=\"grid-gallery-caption\" data-grid-gallery-type=\"quarter-slide-up\" data-index=\"4\" style=\"display:none;border-radius:00;; margin:5.3px; width:2150;\" ><div class=\"crop\" style=\" width:2150; height:2150; overflow:hidden;\"><img decoding=\"async\" src=\"http:\/\/cafe-halligalli.de\/wp-content\/uploads\/2017\/10\/21616519_516962551990936_7573407367627596288_n-215x215.jpg\" class=\"ggImg\" alt=\"21616519_516962551990936_7573407367627596288_n\" title=\"21616519_516962551990936_7573407367627596288_n\" data-description=\"21616519_516962551990936_7573407367627596288_n\" data-caption=\"Schiff Ahoi!\" data-title=\"21616519_516962551990936_7573407367627596288_n\" style=\" width:215px; height:215px;\" \/><\/div><FIGCAPTION class=\"\" data-alpha=\"5\" style=\"color:#ffffff; background-color:#6f0000; font-size:140; text-align:2; font-family:;\" ><div class=\"grid-gallery-figcaption-wrap\" style=\"\"><\/div><\/FIGCAPTION><\/FIGURE><FIGURE class=\"grid-gallery-caption\" data-grid-gallery-type=\"quarter-slide-up\" data-index=\"5\" style=\"display:none;border-radius:00;; margin:5.3px; width:2150;\" ><div class=\"crop\" style=\" width:2150; height:2150; overflow:hidden;\"><img decoding=\"async\" src=\"http:\/\/cafe-halligalli.de\/wp-content\/uploads\/2017\/10\/21618030_516962961990895_6686929406530653838_n-215x215.jpg\" class=\"ggImg\" alt=\"21618030_516962961990895_6686929406530653838_n\" title=\"21618030_516962961990895_6686929406530653838_n\" data-description=\"21618030_516962961990895_6686929406530653838_n\" data-caption=\"Los gehts...!\" data-title=\"21618030_516962961990895_6686929406530653838_n\" style=\" width:215px; height:215px;\" \/><\/div><FIGCAPTION class=\"\" data-alpha=\"5\" style=\"color:#ffffff; background-color:#6f0000; font-size:140; text-align:2; font-family:;\" ><div class=\"grid-gallery-figcaption-wrap\" style=\"\"><\/div><\/FIGCAPTION><\/FIGURE> <div class=\"grid-gallery-clearfix\"><\/div> <\/div> <div class=\"gallery-sharing-bottom\" style=\"display:none;\"> <\/div> <div class=\"gallery-sharing-image\" style=\"display:none;\"> <\/div> <div class=\"gallery-sharing-popup\" style=\"display:none;\"> <\/div> <div class=\"grid-gallery-clearfix\"><\/div> <\/div> <!-- Gallery by Supsystic plugin1.15.32 --><a title=\"WordPress Image Gallery Plugin\" style=\"display:none;\" href=\"https:\/\/supsystic.com\/plugins\/photo-gallery\/?utm_medium=love_link\" target=\"_blank\">WordPress Image Gallery Plugin<\/a><\/div><div id=\"panel-394-0-0-2\" class=\"so-panel widget widget_text panel-last-child\" data-index=\"2\" >\t\t\t<div class=\"textwidget\"><p>Euch gef\u00e4llt der Raum? Dann sprecht uns an!<\/p>\n<\/div>\n\t\t<\/div><\/div><\/div><\/div><div id=\"pg-394-1\"  class=\"panel-grid panel-has-style\" ><div class=\"siteorigin-panels-stretch panel-row-style panel-row-style-for-394-1\" style=\"text-align: center;background-image: url(http:\/\/cafe-halligalli.de\/wp-content\/uploads\/2017\/10\/21616000_516962958657562_6241823267103623504_n.jpg);padding: 300px 0; \" data-stretch-type=\"full\" data-hasbg=\"hasbg\" data-overlay=\"true\" ><div id=\"pgc-394-1-0\"  class=\"panel-grid-cell panel-grid-cell-empty\" ><\/div><\/div><\/div><div id=\"pg-394-2\"  class=\"panel-grid panel-has-style\" ><div class=\"siteorigin-panels-stretch panel-row-style panel-row-style-for-394-2\" style=\"text-align: center;padding: 100px 0; \" data-stretch-type=\"full\" data-overlay=\"true\" ><div id=\"pgc-394-2-0\"  class=\"panel-grid-cell\" ><div id=\"panel-394-2-0-0\" class=\"so-panel widget widget_text panel-first-child panel-last-child\" data-index=\"3\" ><h3 class=\"widget-title\">Unsere Preise<\/h3>\t\t\t<div class=\"textwidget\"><p>Die Raummiete betr\u00e4gt 59,00 \u20ac\/Stunde (Gl\u00e4ser und Geschirr inklusive!) zzgl. einer Pauschale in H\u00f6he von 15,00 \u20ac f\u00fcr die Endreinigung.<\/p>\n<p>Hausgemachte Kuchen (individuell nach Wunsch)     \u2013     ab 35,00 \u20ac<\/p>\n<\/div>\n\t\t<\/div><\/div><\/div><\/div><\/div>","protected":false},"excerpt":{"rendered":"<p>Ihr seid auf der Suche nach einem passenden Partyraum? Dieser k\u00f6nnte genau der Richtige f\u00fcr Euch sein. Unsere neu-gestaltete Spielelandschaft im Untergescho\u00df [&hellip;]<\/p>\n","protected":false},"author":1,"featured_media":0,"parent":0,"menu_order":0,"comment_status":"closed","ping_status":"closed","template":"page-templates\/page_front-page.php","meta":{"footnotes":""},"class_list":["post-394","page","type-page","status-publish","hentry"],"_links":{"self":[{"href":"http:\/\/cafe-halligalli.de\/index.php?rest_route=\/wp\/v2\/pages\/394","targetHints":{"allow":["GET"]}}],"collection":[{"href":"http:\/\/cafe-halligalli.de\/index.php?rest_route=\/wp\/v2\/pages"}],"about":[{"href":"http:\/\/cafe-halligalli.de\/index.php?rest_route=\/wp\/v2\/types\/page"}],"author":[{"embeddable":true,"href":"http:\/\/cafe-halligalli.de\/index.php?rest_route=\/wp\/v2\/users\/1"}],"replies":[{"embeddable":true,"href":"http:\/\/cafe-halligalli.de\/index.php?rest_route=%2Fwp%2Fv2%2Fcomments&post=394"}],"version-history":[{"count":14,"href":"http:\/\/cafe-halligalli.de\/index.php?rest_route=\/wp\/v2\/pages\/394\/revisions"}],"predecessor-version":[{"id":402,"href":"http:\/\/cafe-halligalli.de\/index.php?rest_route=\/wp\/v2\/pages\/394\/revisions\/402"}],"wp:attachment":[{"href":"http:\/\/cafe-halligalli.de\/index.php?rest_route=%2Fwp%2Fv2%2Fmedia&parent=394"}],"curies":[{"name":"wp","href":"https:\/\/api.w.org\/{rel}","templated":true}]}}