{"id":337,"date":"2017-01-26T13:34:47","date_gmt":"2017-01-26T13:34:47","guid":{"rendered":"http:\/\/cafe-halligalli.de\/?page_id=337"},"modified":"2020-10-27T15:55:14","modified_gmt":"2020-10-27T15:55:14","slug":"freunde","status":"publish","type":"page","link":"http:\/\/cafe-halligalli.de\/?page_id=337","title":{"rendered":"Freunde"},"content":{"rendered":"<div id=\"pl-337\"  class=\"panel-layout\" ><div id=\"pg-337-0\"  class=\"panel-grid panel-has-style\" ><div class=\"siteorigin-panels-stretch panel-row-style panel-row-style-for-337-0\" style=\"text-align: center;background-image: url(http:\/\/cafe-halligalli.de\/wp-content\/uploads\/2017\/01\/IMG_9271-e1485441901258.jpg);padding: 100px 0; \" data-stretch-type=\"full\" data-hasbg=\"hasbg\" data-overlay=\"true\" ><div id=\"pgc-337-0-0\"  class=\"panel-grid-cell\" ><div id=\"panel-337-0-0-0\" class=\"so-panel widget widget_text panel-first-child panel-last-child\" data-index=\"0\" ><h3 class=\"widget-title\">Freunde<\/h3>\t\t\t<div class=\"textwidget\"><\/div>\n\t\t<\/div><\/div><\/div><\/div><div id=\"pg-337-1\"  class=\"panel-grid panel-has-style\" ><div style=\"padding: 100px 0; \" data-overlay=\"true\" class=\"panel-row-style panel-row-style-for-337-1\" ><div id=\"pgc-337-1-0\"  class=\"panel-grid-cell panel-grid-cell-empty\" ><\/div><\/div><\/div><div id=\"pg-337-2\"  class=\"panel-grid panel-has-style\" ><div class=\"siteorigin-panels-stretch panel-row-style panel-row-style-for-337-2\" style=\"text-align: center;padding: 0px 0; \" data-stretch-type=\"full\" data-overlay=\"true\" ><div id=\"pgc-337-2-0\"  class=\"panel-grid-cell\" ><div id=\"panel-337-2-0-0\" class=\"so-panel widget widget_sow-image panel-first-child\" data-index=\"1\" ><div\n\t\t\t\n\t\t\tclass=\"so-widget-sow-image so-widget-sow-image-default-3a2476c0e107-337\"\n\t\t\t\n\t\t>\n<div class=\"sow-image-container\">\n\t\t\t<a href=\"http:\/\/www.kindaling.de\"\n\t\t\ttarget=\"_blank\" rel=\"noopener noreferrer\" \t\t>\n\t\t\t<img \n\tsrc=\"http:\/\/cafe-halligalli.de\/wp-content\/uploads\/2020\/05\/Kindaling-Sticker-2020.png\" width=\"300\" height=\"300\" srcset=\"http:\/\/cafe-halligalli.de\/wp-content\/uploads\/2020\/05\/Kindaling-Sticker-2020.png 300w, http:\/\/cafe-halligalli.de\/wp-content\/uploads\/2020\/05\/Kindaling-Sticker-2020-150x150.png 150w, http:\/\/cafe-halligalli.de\/wp-content\/uploads\/2020\/05\/Kindaling-Sticker-2020-230x230.png 230w\" sizes=\"(max-width: 300px) 100vw, 300px\" title=\"Kindaling\" alt=\"\" \t\tclass=\"so-widget-image\"\/>\n\t\t\t<\/a><\/div>\n\n<\/div><\/div><div id=\"panel-337-2-0-1\" class=\"so-panel widget widget_text panel-last-child\" data-index=\"2\" ><h3 class=\"widget-title\">Kindaling<\/h3>\t\t\t<div class=\"textwidget\"><p>Wir sind Kindaling - die *gr\u00f6\u00dfte Inspirationsquelle und Buchungsplattform f\u00fcr Eltern und Familien* in Deutschland. Bereits mehr als 2.000 Anbieter vertrauen uns, gemeinsam sorgen wir f\u00fcr besondere Erlebnisse mit der Familie! Auf Kindaling <a href=\"http:\/\/www.kindaling.de\">www.kindaling.de<\/a> stellen wir in unserem Blog regelm\u00e4\u00dfig unsere liebsten Freizeitorte vor.<\/p>\n<\/div>\n\t\t<\/div><\/div><div id=\"pgc-337-2-1\"  class=\"panel-grid-cell\" ><div id=\"panel-337-2-1-0\" class=\"so-panel widget widget_sow-image panel-first-child\" data-index=\"3\" ><div\n\t\t\t\n\t\t\tclass=\"so-widget-sow-image so-widget-sow-image-default-3a2476c0e107-337\"\n\t\t\t\n\t\t>\n<div class=\"sow-image-container\">\n\t\t\t<a href=\"https:\/\/www.kindertheater-zauberfloeckchen.de\/\"\n\t\t\ttarget=\"_blank\" rel=\"noopener noreferrer\" \t\t>\n\t\t\t<img \n\tsrc=\"http:\/\/cafe-halligalli.de\/wp-content\/uploads\/2017\/01\/Zauberfloeckchen_Logo.jpg\" width=\"300\" height=\"168\" srcset=\"http:\/\/cafe-halligalli.de\/wp-content\/uploads\/2017\/01\/Zauberfloeckchen_Logo.jpg 300w, http:\/\/cafe-halligalli.de\/wp-content\/uploads\/2017\/01\/Zauberfloeckchen_Logo-230x129.jpg 230w\" sizes=\"(max-width: 300px) 100vw, 300px\" title=\"Kindertheater Zauberfloeckchen\" alt=\"\" \t\tclass=\"so-widget-image\"\/>\n\t\t\t<\/a><\/div>\n\n<\/div><\/div><div id=\"panel-337-2-1-1\" class=\"so-panel widget widget_text panel-last-child\" data-index=\"4\" ><h3 class=\"widget-title\">Kindertheater Zauberfl\u00f6ckchen<\/h3>\t\t\t<div class=\"textwidget\"><p>Hier werden Kinderherzen erobert.<\/p>\n<p>Leuchtende Kinderaugen, begeistertes Mitsingen und erste Theatererfahrung. Sch\u00f6ne Stunden f\u00fcr kleine Kulturfreunde, begeistertes Mitsingen und erste Theatererfahrungen, all das k\u00f6nnen Kinder erleben, die in das Kindertheater Zauberfl\u00f6ckchen kommen. Turbulent erz\u00e4hlte Geschichten laden ein, mitzudenken, mitzumachen und mitzulachen. Mit viel Phantasie und Freude w\u00fcrzen die Darsteller die grandios gespielten St\u00fccke mit musikalischen, artistischen und clownesken Einlagen.<\/p>\n<p>Weitere Infos und Spielzeiten erhaltet Ihr auf <a href=\"https:\/\/www.www.zauberfloeckchen.de\">www.zauberfloeckchen.de<\/a> oder auch auf der <a href=\"https:\/\/www.facebook.com\/zauberfloeckchen\/\">Facebook-Seite<\/a> des Kindertheaters.<\/p>\n<\/div>\n\t\t<\/div><\/div><\/div><\/div><div id=\"pg-337-3\"  class=\"panel-grid panel-has-style\" ><div class=\"siteorigin-panels-stretch panel-row-style panel-row-style-for-337-3\" style=\"text-align: center;padding: 50px 0; \" data-stretch-type=\"full\" data-overlay=\"true\" ><div id=\"pgc-337-3-0\"  class=\"panel-grid-cell\" ><div id=\"panel-337-3-0-0\" class=\"so-panel widget widget_sow-image panel-first-child\" data-index=\"5\" ><div\n\t\t\t\n\t\t\tclass=\"so-widget-sow-image so-widget-sow-image-default-3a2476c0e107-337\"\n\t\t\t\n\t\t>\n<div class=\"sow-image-container\">\n\t\t\t<a href=\"http:\/\/theurbankids.com\"\n\t\t\ttarget=\"_blank\" rel=\"noopener noreferrer\" \t\t>\n\t\t\t<img \n\tsrc=\"http:\/\/cafe-halligalli.de\/wp-content\/uploads\/2017\/12\/UK_logo.png\" width=\"292\" height=\"226\" srcset=\"http:\/\/cafe-halligalli.de\/wp-content\/uploads\/2017\/12\/UK_logo.png 292w, http:\/\/cafe-halligalli.de\/wp-content\/uploads\/2017\/12\/UK_logo-230x178.png 230w\" sizes=\"(max-width: 292px) 100vw, 292px\" title=\"the urban kids\" alt=\"\" \t\tclass=\"so-widget-image\"\/>\n\t\t\t<\/a><\/div>\n\n<\/div><\/div><div id=\"panel-337-3-0-1\" class=\"so-panel widget widget_text panel-last-child\" data-index=\"6\" ><h3 class=\"widget-title\">the urban kids<\/h3>\t\t\t<div class=\"textwidget\"><p>Mit der Plattform \"the urban kids\" richtet sich die community an junge Familien und machen auf eine kleine aber feine Auswahl an Locations mit und f\u00fcr Kinder in verschiedenen St\u00e4dten Europas aufmerksam. Alle ausgew\u00e4hlten Locations haben gemeinsam, dass sie sich durch etwas Besonderes vom Mainstream abheben.<\/p>\n<p>Weitere Infos erhaltet Ihr <a href=\"http:\/\/theurbankids.com\">HIER<\/a> oder auch auf der <a href=\"https:\/\/www.facebook.com\/theurbankids.community\/\">Facebook-Seite<\/a> von \"the urban kids\".<\/p>\n<\/div>\n\t\t<\/div><\/div><div id=\"pgc-337-3-1\"  class=\"panel-grid-cell\" ><div id=\"panel-337-3-1-0\" class=\"so-panel widget widget_sow-image panel-first-child\" data-index=\"7\" ><div\n\t\t\t\n\t\t\tclass=\"so-widget-sow-image so-widget-sow-image-default-3a2476c0e107-337\"\n\t\t\t\n\t\t>\n<div class=\"sow-image-container\">\n\t\t\t<a href=\"http:\/\/leonie-rosendahl.tumblr.com\/\"\n\t\t\ttarget=\"_blank\" rel=\"noopener noreferrer\" \t\t>\n\t\t\t<img \n\tsrc=\"http:\/\/cafe-halligalli.de\/wp-content\/uploads\/2017\/01\/tumblr_static_7m4u4chcpn8c400os8swcg0c8-e1512129855906.png\" width=\"350\" height=\"235\" sizes=\"(max-width: 350px) 100vw, 350px\" title=\"Leonie Rosendahl Fotografie\" alt=\"\" \t\tclass=\"so-widget-image\"\/>\n\t\t\t<\/a><\/div>\n\n<\/div><\/div><div id=\"panel-337-3-1-1\" class=\"so-panel widget widget_text panel-last-child\" data-index=\"8\" ><h3 class=\"widget-title\">Leonie Rosendahl Fotografie<\/h3>\t\t\t<div class=\"textwidget\"><p>Sch\u00f6ne Fotos von Hochzeiten, Reisen, Babys, Kleinkindern, oder Lifestylemotiven geh\u00f6ren zu Leonies Schwerpunkten. Mit einem sehr guten Blick f\u00fcrs Detail f\u00e4ngt sie die sch\u00f6nen Momente ein und l\u00e4sst diese dabei weiterhin lebendig wirken. Wenn man Sie l\u00e4sst, verzaubert Leonies Handschrift mit einem leicht romantischen Vintage-Touch.<\/p>\n<p>Weitere Infos erhaltet Ihr <a href=\"http:\/\/leonie-rosendahl.tumblr.com\/\">HIER<\/a> oder auch auf der <a href=\"https:\/\/www.facebook.com\/Leonie-Rosendahl-Fotografie-559975274129537\/\">Facebook-Seite<\/a> von Leonie Rosendahl Fotografie.<\/p>\n<\/div>\n\t\t<\/div><\/div><\/div><\/div><div id=\"pg-337-4\"  class=\"panel-grid panel-has-style\" ><div class=\"siteorigin-panels-stretch panel-row-style panel-row-style-for-337-4\" style=\"text-align: center;padding: 50px 0; \" data-stretch-type=\"full\" data-overlay=\"true\" ><div id=\"pgc-337-4-0\"  class=\"panel-grid-cell panel-grid-cell-mobile-last\" ><div id=\"panel-337-4-0-0\" class=\"so-panel widget widget_sow-image panel-first-child\" data-index=\"9\" ><div class=\"panel-widget-style panel-widget-style-for-337-4-0-0\" ><div\n\t\t\t\n\t\t\tclass=\"so-widget-sow-image so-widget-sow-image-default-3a2476c0e107-337\"\n\t\t\t\n\t\t>\n<div class=\"sow-image-container\">\n\t\t\t<a href=\"https:\/\/www.bonodesign.de\"\n\t\t\ttarget=\"_blank\" rel=\"noopener noreferrer\" \t\t>\n\t\t\t<img \n\tsrc=\"http:\/\/cafe-halligalli.de\/wp-content\/uploads\/2020\/05\/bonodesign-logo.png\" width=\"150\" height=\"17\" sizes=\"(max-width: 150px) 100vw, 150px\" title=\"BONODESIGN\" alt=\"\" \t\tclass=\"so-widget-image\"\/>\n\t\t\t<\/a><\/div>\n\n<\/div><\/div><\/div><div id=\"panel-337-4-0-1\" class=\"so-panel widget widget_text panel-last-child\" data-index=\"10\" ><h3 class=\"widget-title\">BONODESIGN<\/h3>\t\t\t<div class=\"textwidget\"><p>\"DESIGN WON'T SAVE THE WORLD BUT IT DAMN SURE MAKES IT LOOK GOOD\"<\/p>\n<p>Weitere Infos erhaltet Ihr auf <a href=\"http:\/\/www.bonodesign.de\">www.BONODESIGN.de<\/a> oder auch auf der <a href=\"https:\/\/www.facebook.com\/MarcoBonoDesign\">Facebook-Seite<\/a> von BONODESIGN.<\/p>\n<\/div>\n\t\t<\/div><\/div><div id=\"pgc-337-4-1\"  class=\"panel-grid-cell panel-grid-cell-empty\" ><\/div><\/div><\/div><\/div>","protected":false},"excerpt":{"rendered":"<p>Freunde Kindaling Wir sind Kindaling &#8211; die *gr\u00f6\u00dfte Inspirationsquelle und Buchungsplattform f\u00fcr Eltern und Familien* in Deutschland. Bereits mehr als 2.000 Anbieter [&hellip;]<\/p>\n","protected":false},"author":1,"featured_media":0,"parent":0,"menu_order":0,"comment_status":"closed","ping_status":"closed","template":"page-templates\/page_front-page.php","meta":{"footnotes":""},"class_list":["post-337","page","type-page","status-publish","hentry"],"_links":{"self":[{"href":"http:\/\/cafe-halligalli.de\/index.php?rest_route=\/wp\/v2\/pages\/337","targetHints":{"allow":["GET"]}}],"collection":[{"href":"http:\/\/cafe-halligalli.de\/index.php?rest_route=\/wp\/v2\/pages"}],"about":[{"href":"http:\/\/cafe-halligalli.de\/index.php?rest_route=\/wp\/v2\/types\/page"}],"author":[{"embeddable":true,"href":"http:\/\/cafe-halligalli.de\/index.php?rest_route=\/wp\/v2\/users\/1"}],"replies":[{"embeddable":true,"href":"http:\/\/cafe-halligalli.de\/index.php?rest_route=%2Fwp%2Fv2%2Fcomments&post=337"}],"version-history":[{"count":26,"href":"http:\/\/cafe-halligalli.de\/index.php?rest_route=\/wp\/v2\/pages\/337\/revisions"}],"predecessor-version":[{"id":341,"href":"http:\/\/cafe-halligalli.de\/index.php?rest_route=\/wp\/v2\/pages\/337\/revisions\/341"}],"wp:attachment":[{"href":"http:\/\/cafe-halligalli.de\/index.php?rest_route=%2Fwp%2Fv2%2Fmedia&parent=337"}],"curies":[{"name":"wp","href":"https:\/\/api.w.org\/{rel}","templated":true}]}}