{"id":225,"date":"2017-01-24T10:00:09","date_gmt":"2017-01-24T10:00:09","guid":{"rendered":"http:\/\/cafe-halligalli.de\/?page_id=225"},"modified":"2025-11-25T20:28:32","modified_gmt":"2025-11-25T20:28:32","slug":"fruehstuecksbuffet","status":"publish","type":"page","link":"http:\/\/cafe-halligalli.de\/?page_id=225","title":{"rendered":"Fr\u00fchst\u00fccksbuffet"},"content":{"rendered":"<div id=\"pl-225\"  class=\"panel-layout\" ><div id=\"pg-225-0\"  class=\"panel-grid panel-has-style\" ><div class=\"siteorigin-panels-stretch panel-row-style panel-row-style-for-225-0\" style=\"text-align: center;padding: 100px 0; \" data-stretch-type=\"full\" data-overlay=\"true\" ><div id=\"pgc-225-0-0\"  class=\"panel-grid-cell\" ><div id=\"panel-225-0-0-0\" class=\"so-panel widget widget_text panel-first-child panel-last-child\" data-index=\"0\" ><h3 class=\"widget-title\">Sonntag&#8230;<\/h3>\t\t\t<div class=\"textwidget\"><p>...lange ausschlafen, gem\u00fctlich Kaffee trinken, ein leckeres Fr\u00fchst\u00fcck genie\u00dfen und langsam in den Tag starten,<br \/>\nbevor man am Montag wieder arbeiten muss. Wer mag das nicht?<br \/>\nDoch mit Kindern nicht immer ganz einfach, wenn man noch gerne z. B. in den Tierpark m\u00f6chte.<\/p>\n<\/div>\n\t\t<\/div><\/div><\/div><\/div><div id=\"pg-225-1\"  class=\"panel-grid panel-has-style\" ><div class=\"siteorigin-panels-stretch panel-row-style panel-row-style-for-225-1\" style=\"text-align: center;background-image: url(http:\/\/cafe-halligalli.de\/wp-content\/uploads\/2017\/01\/IMG_9254.jpg);padding: 300px 0; \" data-stretch-type=\"full\" data-hasbg=\"hasbg\" data-overlay=\"true\" ><div id=\"pgc-225-1-0\"  class=\"panel-grid-cell panel-grid-cell-empty\" ><\/div><\/div><\/div><div id=\"pg-225-2\"  class=\"panel-grid panel-has-style\" ><div class=\"siteorigin-panels-stretch panel-row-style panel-row-style-for-225-2\" style=\"text-align: center;padding: 100px 0; \" data-stretch-type=\"full\" data-overlay=\"true\" ><div id=\"pgc-225-2-0\"  class=\"panel-grid-cell\" ><div id=\"panel-225-2-0-0\" class=\"so-panel widget widget_text panel-first-child\" data-index=\"1\" ><h3 class=\"widget-title\">Fr\u00fchst\u00fccksbuffet<\/h3>\t\t\t<div class=\"textwidget\"><p>Jeden Sonn- und Feiertag bieten wir Euch von 10 \u2013 13 Uhr ein Fr\u00fchst\u00fccksbuffet, das zum Schlemmen einl\u00e4dt.<\/p>\n<p>Frische Brot- und Br\u00f6tchenauswahl, S\u00fc\u00dfes aus der eigenen K\u00fcche sowie hausgemachten Kuchen, reichhaltige Wurstspezialit\u00e4ten, eine F\u00fclle an verschiedenen K\u00e4sesorten, ger\u00e4ucherten Lachs, gekochte Eier und R\u00fchrei (Bio), krossen Speck, s\u00fc\u00dfe Pfannkuchen, saisonales Obst und Obstsalate, gro\u00dfe Rohkostplatte, verschiedene Salate, selbstgekochte Marmelade, wie auch weitere s\u00fc\u00dfe und herzhafte Aufstriche und alles was das Herz in Sachen M\u00fcsli, Cornflakes und Joghurt begehrt.<\/p>\n<p>Au\u00dferdem jede Woche wechselnde Leckereien, zu denen wir uns vom saisonalen Obst & Gem\u00fcse inspirieren lassen.<\/p>\n<\/div>\n\t\t<\/div><div id=\"panel-225-2-0-1\" class=\"so-panel widget widget_sggwidget panel-last-child\" data-index=\"2\"><h3 class=\"widget-title\"> <\/h3><div id=\"grid-gallery-2-16117\" data-gg-id=\"2\" data-title=\"Fr\u00fchst\u00fccksbuffet A\" data-grid-type=\"0\" data-offset=\"5.3\" data-area-position=\"center\" data-icons=\"\" data-preloader=\"\" data-width=\"215\" data-height=\"215\" data-padding=\"\" data-quicksand=\"disabled\" data-quicksand-duration=\"none\" data-popup-theme=\"theme_6\" data-popup-type=\"pretty-photo\" data-popup-image-text=\"title\" data-popup-widthsize=\"auto\" data-popup-heightsize=\"auto\" data-popup-i18n-words=\"{&quot;close&quot;:&quot;schlie\\u00dfen&quot;,&quot;next&quot;:&quot;n\\u00e4chste&quot;,&quot;previous&quot;:&quot;vorherige&quot;,&quot;start_slideshow&quot;:&quot;Starte Slideshow&quot;,&quot;stop_slideshow&quot;:&quot;Stoppe Slideshow&quot;,&quot;image&quot;:&quot;Bild&quot;,&quot;of&quot;:&quot;von&quot;,&quot;prev&quot;:&quot;vorherige&quot;,&quot;cExpand&quot;:&quot;Erweitere&quot;,&quot;cPrevious&quot;:&quot;Vorheriges&quot;,&quot;cNext&quot;:&quot;N\\u00e4chstes&quot;,&quot;cExpandStr&quot;:&quot;Erweitere Bild&quot;,&quot;cRotate&quot;:&quot;Rotate&quot;,&quot;cDetails&quot;:&quot;Details&quot;}\" data-popup-slideshow=\"false\" data-popup-slideshow-speed=\"2500\" data-popup-hoverstop=\"true\" data-popup-slideshow-auto=\"false\" data-popup-background=\"\" data-popup-transparency=\"30\" data-popup-disable-history=\"\" data-popup-disable-changed-url=\"\" data-popup-border-type=\"\" data-popup-border-color=\"\" data-popup-border-width=\"\" data-popup-border-enable=\"\" data-fullscreen=\"false\" data-hide-tooltip=\"\" data-caption-font-family=\"\" data-caption-text-size=\"140\" data-is-mobile=\"0\" data-caption-mobile=\"false\" data-hide-long-tltp-title=\"0\" data-caption-disabled-on-mobile=\"false\" data-popup-placement-type=\"0\" data-social-sharing=\"{&quot;enabled&quot;:null,&quot;gallerySharing&quot;:{&quot;enabled&quot;:null,&quot;position&quot;:null},&quot;imageSharing&quot;:{&quot;enabled&quot;:null,&quot;wrapperClass&quot;:&quot; vertical &quot;},&quot;popupSharing&quot;:{&quot;enabled&quot;:null,&quot;wrapperClass&quot;:&quot; vertical &quot;}}\" class=\"grid-gallery grid-gallery-fixed \" style=\" width:100%; height:auto; margin-left:auto; margin-right:auto;position:relative;\"> <div class=\"gallery-loading\"> <div class=\"blocks\"> <div class=\"block\"><\/div> <div class=\"block\"><\/div> <div class=\"block\"><\/div> <div class=\"block\"><\/div> <\/div> <\/div> <div class=\"gallery-sharing-top\" style=\"display:none;\"> <\/div> <div id=\"photos-2\" class=\"grid-gallery-photos\"><FIGURE class=\"grid-gallery-caption\" data-grid-gallery-type=\"quarter-slide-up\" data-index=\"0\" style=\"display:none;border-radius:00;; margin:5.3px; width:2150;\" ><div class=\"crop\" style=\" width:2150; height:2150; overflow:hidden;\"><img decoding=\"async\" src=\"http:\/\/cafe-halligalli.de\/wp-content\/uploads\/2017\/01\/IMG_0641-215x215.jpg\" class=\"ggImg\" alt=\"img_0641\" title=\"img_0641\" data-description=\"img_0641\" data-caption=\"img_0641\" data-title=\"img_0641\" style=\" width:215px; height:215px;\" \/><\/div><FIGCAPTION class=\"\" data-alpha=\"5\" style=\"color:#ffffff; background-color:#6f0000; font-size:140; text-align:2; font-family:;\" ><div class=\"grid-gallery-figcaption-wrap\" style=\"\"><\/div><\/FIGCAPTION><\/FIGURE><FIGURE class=\"grid-gallery-caption\" data-grid-gallery-type=\"quarter-slide-up\" data-index=\"1\" style=\"display:none;border-radius:00;; margin:5.3px; width:2150;\" ><div class=\"crop\" style=\" width:2150; height:2150; overflow:hidden;\"><img decoding=\"async\" src=\"http:\/\/cafe-halligalli.de\/wp-content\/uploads\/2017\/01\/IMG_0640-215x215.jpg\" class=\"ggImg\" alt=\"img_0640\" title=\"img_0640\" data-description=\"img_0640\" data-caption=\"img_0640\" data-title=\"img_0640\" style=\" width:215px; height:215px;\" \/><\/div><FIGCAPTION class=\"\" data-alpha=\"5\" style=\"color:#ffffff; background-color:#6f0000; font-size:140; text-align:2; font-family:;\" ><div class=\"grid-gallery-figcaption-wrap\" style=\"\"><\/div><\/FIGCAPTION><\/FIGURE><FIGURE class=\"grid-gallery-caption\" data-grid-gallery-type=\"quarter-slide-up\" data-index=\"2\" style=\"display:none;border-radius:00;; margin:5.3px; width:2150;\" ><div class=\"crop\" style=\" width:2150; height:2150; overflow:hidden;\"><img decoding=\"async\" src=\"http:\/\/cafe-halligalli.de\/wp-content\/uploads\/2017\/01\/IMG_0639-215x215.jpg\" class=\"ggImg\" alt=\"img_0639\" title=\"img_0639\" data-description=\"img_0639\" data-caption=\"img_0639\" data-title=\"img_0639\" style=\" width:215px; height:215px;\" \/><\/div><FIGCAPTION class=\"\" data-alpha=\"5\" style=\"color:#ffffff; background-color:#6f0000; font-size:140; text-align:2; font-family:;\" ><div class=\"grid-gallery-figcaption-wrap\" style=\"\"><\/div><\/FIGCAPTION><\/FIGURE><FIGURE class=\"grid-gallery-caption\" data-grid-gallery-type=\"quarter-slide-up\" data-index=\"3\" style=\"display:none;border-radius:00;; margin:5.3px; width:2150;\" ><div class=\"crop\" style=\" width:2150; height:2150; overflow:hidden;\"><img decoding=\"async\" src=\"http:\/\/cafe-halligalli.de\/wp-content\/uploads\/2017\/01\/IMG_0638-215x215.jpg\" class=\"ggImg\" alt=\"img_0638\" title=\"img_0638\" data-description=\"img_0638\" data-caption=\"img_0638\" data-title=\"img_0638\" style=\" width:215px; height:215px;\" \/><\/div><FIGCAPTION class=\"\" data-alpha=\"5\" style=\"color:#ffffff; background-color:#6f0000; font-size:140; text-align:2; font-family:;\" ><div class=\"grid-gallery-figcaption-wrap\" style=\"\"><\/div><\/FIGCAPTION><\/FIGURE> <div class=\"grid-gallery-clearfix\"><\/div> <\/div> <div class=\"gallery-sharing-bottom\" style=\"display:none;\"> <\/div> <div class=\"gallery-sharing-image\" style=\"display:none;\"> <\/div> <div class=\"gallery-sharing-popup\" style=\"display:none;\"> <\/div> <div class=\"grid-gallery-clearfix\"><\/div> <\/div> <!-- Gallery by Supsystic plugin1.15.32 --><a title=\"WordPress Image Gallery Plugin\" style=\"display:none;\" href=\"https:\/\/supsystic.com\/plugins\/photo-gallery\/?utm_medium=love_link\" target=\"_blank\">WordPress Image Gallery Plugin<\/a><\/div><\/div><\/div><\/div><div id=\"pg-225-3\"  class=\"panel-grid panel-has-style\" ><div class=\"siteorigin-panels-stretch panel-row-style panel-row-style-for-225-3\" style=\"text-align: center;background-image: url(http:\/\/cafe-halligalli.de\/wp-content\/uploads\/2017\/01\/IMG_9560-e1485256585103.jpg);padding: 300px 0; \" data-stretch-type=\"full\" data-hasbg=\"hasbg\" data-overlay=\"true\" ><div id=\"pgc-225-3-0\"  class=\"panel-grid-cell panel-grid-cell-empty\" ><\/div><\/div><\/div><div id=\"pg-225-4\"  class=\"panel-grid panel-has-style\" ><div class=\"siteorigin-panels-stretch panel-row-style panel-row-style-for-225-4\" style=\"text-align: center;padding: 100px 0; \" data-stretch-type=\"full\" data-overlay=\"true\" ><div id=\"pgc-225-4-0\"  class=\"panel-grid-cell\" ><div id=\"panel-225-4-0-0\" class=\"so-panel widget widget_text panel-first-child\" data-index=\"3\" ><div style=\"text-align: center;\" data-title-color=\"#443f3f\" data-headings-color=\"#443f3f\" class=\"panel-widget-style panel-widget-style-for-225-4-0-0\" ><h3 class=\"widget-title\">Und das Sch\u00f6nste daran?<\/h3>\t\t\t<div class=\"textwidget\"><p>W\u00e4hrend Mama &amp; Papa in Ruhe dem Koffein fr\u00f6nen, k\u00f6nnen die Kleinen im Sandkasten buddeln oder ein ausgiebiges B\u00e4llebad genie\u00dfen.<\/p>\n<p>Ihr m\u00f6chtet vorbeischauen? Dann reserviert am Besten gleich einen Tisch, da unser Buffet sehr beliebt ist.<br \/>\nIhr erreicht uns unter <a href=\"tel:+4922160601919\">0221 60601919<\/a>. Gerne auch per E-Mail <a href=\"mailto:info@cafe-halligalli.de\">info@cafe-halligalli.de<\/a> oder \u00fcber <a href=\"https:\/\/www.facebook.com\/cafehalligalli\">Facebook<\/a>.<\/p>\n<p>Wir freuen uns auf Euch!<\/p>\n<\/div>\n\t\t<\/div><\/div><div id=\"panel-225-4-0-1\" class=\"so-panel widget widget_sggwidget panel-last-child\" data-index=\"4\"><h3 class=\"widget-title\"> <\/h3><div id=\"grid-gallery-3-35811\" data-gg-id=\"3\" data-title=\"Fr\u00fchst\u00fcksbuffet B\" data-grid-type=\"0\" data-offset=\"5.3\" data-area-position=\"center\" data-icons=\"\" data-preloader=\"\" data-width=\"215\" data-height=\"215\" data-padding=\"\" data-quicksand=\"disabled\" data-quicksand-duration=\"none\" data-popup-theme=\"theme_6\" data-popup-type=\"pretty-photo\" data-popup-image-text=\"title\" data-popup-widthsize=\"auto\" data-popup-heightsize=\"auto\" data-popup-i18n-words=\"{&quot;close&quot;:&quot;schlie\\u00dfen&quot;,&quot;next&quot;:&quot;n\\u00e4chste&quot;,&quot;previous&quot;:&quot;vorherige&quot;,&quot;start_slideshow&quot;:&quot;Starte Slideshow&quot;,&quot;stop_slideshow&quot;:&quot;Stoppe Slideshow&quot;,&quot;image&quot;:&quot;Bild&quot;,&quot;of&quot;:&quot;von&quot;,&quot;prev&quot;:&quot;vorherige&quot;,&quot;cExpand&quot;:&quot;Erweitere&quot;,&quot;cPrevious&quot;:&quot;Vorheriges&quot;,&quot;cNext&quot;:&quot;N\\u00e4chstes&quot;,&quot;cExpandStr&quot;:&quot;Erweitere Bild&quot;,&quot;cRotate&quot;:&quot;Rotate&quot;,&quot;cDetails&quot;:&quot;Details&quot;}\" data-popup-slideshow=\"false\" data-popup-slideshow-speed=\"2500\" data-popup-hoverstop=\"true\" data-popup-slideshow-auto=\"false\" data-popup-background=\"\" data-popup-transparency=\"30\" data-popup-disable-history=\"\" data-popup-disable-changed-url=\"\" data-popup-border-type=\"\" data-popup-border-color=\"\" data-popup-border-width=\"\" data-popup-border-enable=\"\" data-fullscreen=\"false\" data-hide-tooltip=\"\" data-caption-font-family=\"\" data-caption-text-size=\"140\" data-is-mobile=\"0\" data-caption-mobile=\"false\" data-hide-long-tltp-title=\"0\" data-caption-disabled-on-mobile=\"false\" data-popup-placement-type=\"0\" data-social-sharing=\"{&quot;enabled&quot;:null,&quot;gallerySharing&quot;:{&quot;enabled&quot;:null,&quot;position&quot;:null},&quot;imageSharing&quot;:{&quot;enabled&quot;:null,&quot;wrapperClass&quot;:&quot; vertical &quot;},&quot;popupSharing&quot;:{&quot;enabled&quot;:null,&quot;wrapperClass&quot;:&quot; vertical &quot;}}\" class=\"grid-gallery grid-gallery-fixed \" style=\" width:100%; height:auto; margin-left:auto; margin-right:auto;position:relative;\"> <div class=\"gallery-loading\"> <div class=\"blocks\"> <div class=\"block\"><\/div> <div class=\"block\"><\/div> <div class=\"block\"><\/div> <div class=\"block\"><\/div> <\/div> <\/div> <div class=\"gallery-sharing-top\" style=\"display:none;\"> <\/div> <div id=\"photos-3\" class=\"grid-gallery-photos\"><FIGURE class=\"grid-gallery-caption\" data-grid-gallery-type=\"quarter-slide-up\" data-index=\"0\" style=\"display:none;border-radius:00;; margin:5.3px; width:2150;\" ><div class=\"crop\" style=\" width:2150; height:2150; overflow:hidden;\"><img decoding=\"async\" src=\"http:\/\/cafe-halligalli.de\/wp-content\/uploads\/2017\/01\/IMG_0624-1-215x215.jpg\" class=\"ggImg\" alt=\"img_0624\" title=\"img_0624\" data-description=\"img_0624\" data-caption=\"img_0624\" data-title=\"img_0624\" style=\" width:215px; height:215px;\" \/><\/div><FIGCAPTION class=\"\" data-alpha=\"5\" style=\"color:#ffffff; background-color:#6f0000; font-size:140; text-align:2; font-family:;\" ><div class=\"grid-gallery-figcaption-wrap\" style=\"\"><\/div><\/FIGCAPTION><\/FIGURE><FIGURE class=\"grid-gallery-caption\" data-grid-gallery-type=\"quarter-slide-up\" data-index=\"1\" style=\"display:none;border-radius:00;; margin:5.3px; width:2150;\" ><div class=\"crop\" style=\" width:2150; height:2150; overflow:hidden;\"><img decoding=\"async\" src=\"http:\/\/cafe-halligalli.de\/wp-content\/uploads\/2017\/01\/IMG_0644-215x215.jpg\" class=\"ggImg\" alt=\"img_0644\" title=\"img_0644\" data-description=\"img_0644\" data-caption=\"img_0644\" data-title=\"img_0644\" style=\" width:215px; height:215px;\" \/><\/div><FIGCAPTION class=\"\" data-alpha=\"5\" style=\"color:#ffffff; background-color:#6f0000; font-size:140; text-align:2; font-family:;\" ><div class=\"grid-gallery-figcaption-wrap\" style=\"\"><\/div><\/FIGCAPTION><\/FIGURE><FIGURE class=\"grid-gallery-caption\" data-grid-gallery-type=\"quarter-slide-up\" data-index=\"2\" style=\"display:none;border-radius:00;; margin:5.3px; width:2150;\" ><div class=\"crop\" style=\" width:2150; height:2150; overflow:hidden;\"><img decoding=\"async\" src=\"http:\/\/cafe-halligalli.de\/wp-content\/uploads\/2017\/01\/IMG_0643-215x215.jpg\" class=\"ggImg\" alt=\"img_0643\" title=\"img_0643\" data-description=\"img_0643\" data-caption=\"img_0643\" data-title=\"img_0643\" style=\" width:215px; height:215px;\" \/><\/div><FIGCAPTION class=\"\" data-alpha=\"5\" style=\"color:#ffffff; background-color:#6f0000; font-size:140; text-align:2; font-family:;\" ><div class=\"grid-gallery-figcaption-wrap\" style=\"\"><\/div><\/FIGCAPTION><\/FIGURE><FIGURE class=\"grid-gallery-caption\" data-grid-gallery-type=\"quarter-slide-up\" data-index=\"3\" style=\"display:none;border-radius:00;; margin:5.3px; width:2150;\" ><div class=\"crop\" style=\" width:2150; height:2150; overflow:hidden;\"><img decoding=\"async\" src=\"http:\/\/cafe-halligalli.de\/wp-content\/uploads\/2017\/01\/IMG_0642-1-215x215.jpg\" class=\"ggImg\" alt=\"img_0634\" title=\"IMG_0642-1\" data-description=\"IMG_0642-1\" data-caption=\"IMG_0642-1\" data-title=\"IMG_0642-1\" style=\" width:215px; height:215px;\" \/><\/div><FIGCAPTION class=\"\" data-alpha=\"5\" style=\"color:#ffffff; background-color:#6f0000; font-size:140; text-align:2; font-family:;\" ><div class=\"grid-gallery-figcaption-wrap\" style=\"\"><\/div><\/FIGCAPTION><\/FIGURE> <div class=\"grid-gallery-clearfix\"><\/div> <\/div> <div class=\"gallery-sharing-bottom\" style=\"display:none;\"> <\/div> <div class=\"gallery-sharing-image\" style=\"display:none;\"> <\/div> <div class=\"gallery-sharing-popup\" style=\"display:none;\"> <\/div> <div class=\"grid-gallery-clearfix\"><\/div> <\/div> <!-- Gallery by Supsystic plugin1.15.32 --><a title=\"WordPress Image Gallery Plugin\" style=\"display:none;\" href=\"https:\/\/supsystic.com\/plugins\/photo-gallery\/?utm_medium=love_link\" target=\"_blank\">WordPress Image Gallery Plugin<\/a><\/div><\/div><\/div><\/div><\/div>","protected":false},"excerpt":{"rendered":"<p>&#8230;lange ausschlafen, gem\u00fctlich Kaffee trinken, ein leckeres Fr\u00fchst\u00fcck genie\u00dfen und langsam in den Tag starten, bevor man am Montag wieder arbeiten muss. [&hellip;]<\/p>\n","protected":false},"author":1,"featured_media":0,"parent":0,"menu_order":0,"comment_status":"closed","ping_status":"closed","template":"page-templates\/page_front-page.php","meta":{"footnotes":""},"class_list":["post-225","page","type-page","status-publish","hentry"],"_links":{"self":[{"href":"http:\/\/cafe-halligalli.de\/index.php?rest_route=\/wp\/v2\/pages\/225","targetHints":{"allow":["GET"]}}],"collection":[{"href":"http:\/\/cafe-halligalli.de\/index.php?rest_route=\/wp\/v2\/pages"}],"about":[{"href":"http:\/\/cafe-halligalli.de\/index.php?rest_route=\/wp\/v2\/types\/page"}],"author":[{"embeddable":true,"href":"http:\/\/cafe-halligalli.de\/index.php?rest_route=\/wp\/v2\/users\/1"}],"replies":[{"embeddable":true,"href":"http:\/\/cafe-halligalli.de\/index.php?rest_route=%2Fwp%2Fv2%2Fcomments&post=225"}],"version-history":[{"count":20,"href":"http:\/\/cafe-halligalli.de\/index.php?rest_route=\/wp\/v2\/pages\/225\/revisions"}],"predecessor-version":[{"id":577,"href":"http:\/\/cafe-halligalli.de\/index.php?rest_route=\/wp\/v2\/pages\/225\/revisions\/577"}],"wp:attachment":[{"href":"http:\/\/cafe-halligalli.de\/index.php?rest_route=%2Fwp%2Fv2%2Fmedia&parent=225"}],"curies":[{"name":"wp","href":"https:\/\/api.w.org\/{rel}","templated":true}]}}